{"id":1249,"date":"2021-05-19T16:21:11","date_gmt":"2021-05-19T16:21:11","guid":{"rendered":"http:\/\/fastwpdemo.com\/newwp\/whitehall\/?page_id=10"},"modified":"2024-06-19T08:49:14","modified_gmt":"2024-06-19T08:49:14","slug":"home-page-01","status":"publish","type":"page","link":"https:\/\/daco.al\/visitdurres\/","title":{"rendered":"Home Page 01"},"content":{"rendered":"<p><iframe loading=\"lazy\" title=\"Durres video presentation\" width=\"1200\" height=\"675\" src=\"https:\/\/www.youtube.com\/embed\/aaar9vW5ZG8?feature=oembed\" frameborder=\"0\" allow=\"accelerometer; autoplay; clipboard-write; encrypted-media; gyroscope; picture-in-picture; web-share\" referrerpolicy=\"strict-origin-when-cross-origin\" allowfullscreen><\/iframe><br \/>\n        <!-- activities-section --><\/p>\n<section>\n<h6><a href=\"https:\/\/daco.al\/visitdurres\/eventet-e-fundit\/\">EVENTE<\/h6>\n<h4>Eventet e fundit<\/h4>\n<h6><a href=\"https:\/\/daco.al\/visitdurres\/cfare-te-vizitoni-ne-durres\" \/>\u00c7far\u00eb t\u00eb vizitoni?<\/a><\/h6>\n<h4>Atraksionet turistike <\/h4>\n<h6><a href=\"\/\/visitdurres.al\/hotele-resorte\/\">Hotele &amp; Resorte<\/a><\/h6>\n<h4>Planifiko udh\u00ebtimin t\u00ebnd<\/h4>\n<h6><a href=\"https:\/\/daco.al\/visitdurres\/plazhe\/\">Plazhe<\/a><\/h6>\n<h4>Publike &amp; Jopublike<\/h4>\n<\/section>\n<p>        <!-- activities-section end --><br \/>\n\t\t<!-- about-style-three --><\/p>\n<section>\n<h6>Rreth Durr\u00ebsit<\/h6>\n<h2>Historiku<\/h2>\n<h4><\/h4>\n<p>Durr\u00ebsi mund t\u00eb krahasohet me qytetet m\u00eb t\u00eb m\u00ebdhenj t\u00eb Mesdheut antik dhe mesjetar. Qyteti Epidamn \u2013 Dyrrah u nd\u00ebrtua nga Ilir\u00ebt Taulant\u00eb, dall\u00ebndyshasit n\u00eb shekujt Xlll-XI p K. N\u00eb kushtet e nj\u00eb klime mesdhetare, zona m\u00eb e p\u00ebrshtatshme p\u00ebr banim ishte ajo e lumit Erzen si dhe Ult\u00ebsira Per\u00ebndimore p\u00ebrreth saj. N\u00eb bregdetin e Gjirit t\u00eb Durr\u00ebsit u vendos qendra e par\u00eb apo Limani me emrin Dyrrah. Sipas autor\u00ebve antik\u00eb, ky qytet u themelua nga dy mbret\u00ebr me origjin\u00eb ilire t\u00eb quajtur Dyrah dhe Epidamn. N\u00eb koh\u00ebn e Perandorit Anastasi I (491-519) dhe Justianani I [527-565), qyteti p\u00ebsoi transformime t\u00eb ndjeshme n\u00eb struktur\u00ebn urbane duke marr\u00eb tiparet e nj\u00eb qyteti tipik bizantino-kristian.<\/br><\/br><br \/>\nN\u00eb shek. Xl-XV, Shteti Shqiptar njihet me emrin Shteti i Arbrit. Ky shtet, kulmin e tij e arriti n\u00eb periudh\u00ebn e mbret\u00ebrimit t\u00eb Gjergj Kastriotit. Sipas kronikaneve Osmane t\u00eb shek. XVl, Durr\u00ebsi apo si\u00e7 e cil\u00ebsojn\u00eb ata \u201cKostandinopoja e Dyt\u00eb\u201d, u pushtua nga turqit me 13 Gusht1501. Vet\u00ebm n\u00eb shek XVll, qyteti filloi t\u00eb rimarr\u00eb veten duke u b\u00ebr\u00eb qend\u00ebr e tregtis\u00eb tranzite dhe skela kryesore e Shqip\u00ebris\u00eb s\u00eb Mesme.\n<\/p>\n<figure><img decoding=\"async\" src=\"https:\/\/daco.al\/visitdurres\/wp-content\/uploads\/2023\/07\/durres-scaled-1.jpeg\" alt=\"Awesome Image\"><\/figure>\n<figure><img decoding=\"async\" src=\"https:\/\/daco.al\/visitdurres\/wp-content\/uploads\/2023\/07\/AuD-3300293.jpg\" alt=\"Awesome Image\"><\/figure>\n<h4><\/h4>\n<p>\t\t\t\t\t\t\t\t\t                                    <a href=\"https:\/\/durresitest.instant.al\/\"><\/a><\/p>\n<h4><\/h4>\n<\/p>\n<figure><img decoding=\"async\" src=\"https:\/\/daco.al\/visitdurres\/wp-content\/uploads\/2023\/07\/drr.jpg\" alt=\"Awesome Image\"><\/figure>\n<h4><\/h4>\n<p>\t\t\t\t\t\t\t\t\t                                    <a href=\"https:\/\/durresitest.instant.al\/\"><\/a><\/p>\n<h4><\/h4>\n<\/p>\n<\/section>\n<p>        <!-- about-style-three end --><br \/>\n        <!-- about-section --><\/p>\n<section>\n<h6>Znj. Emiriana Sako<\/h6>\n<h2>Kryetare e Bashkis\u00eb<\/h2>\n<h5><\/h5>\n<h4>Mir\u00eb se vini n\u00eb qytetin e Durr\u00ebsit!<\/h4>\n<p>Durr\u00ebsi \u00ebsht\u00eb destinacioni m\u00eb i madh turistik n\u00eb vendin ton\u00eb, ndryshe ai njihet edhe si kryeqyteti i turizmit n\u00eb Shqip\u00ebri. Durr\u00ebsi, duke sh\u00ebrbyer si nyja kryesore e transportit n\u00eb vend, \u00ebsht\u00eb kthyer jo vet\u00ebm n\u00eb nj\u00eb destinacion veror p\u00ebr plazh, por edhe n\u00eb nj\u00eb destinacion turistik gjith\u00ebvjetor.<\/br><br \/>\nDurr\u00ebsi \u00ebsht\u00eb qyteti port m\u00eb i madh n\u00eb Shqip\u00ebri, me nj\u00eb popullsi prej m\u00eb shum\u00eb se 338.000 banor\u00eb. E gjith\u00eb vija bregdetare ofron nj\u00eb hap\u00ebsir\u00eb t\u00eb konsiderueshme dhe t\u00eb larmishme me plazhe ranore dhe pjes\u00ebrisht shk\u00ebmbore si edhe struktura hoteliere apo agroturiz\u00ebm t\u00eb cilat ofrojn\u00eb sh\u00ebrbime turistike p\u00ebr t\u00eb gjith\u00eb turist\u00ebt dhe vizitor\u00ebt vendas dhe t\u00eb huaj.<\/br><br \/>\nDurr\u00ebsi i cili \u00ebsht\u00eb nj\u00eb qytet 3000 vje\u00e7ar, njihet jo vet\u00ebm p\u00ebr turizmin bregdetar ku ju mund t\u00eb shijoni dit\u00ebt me diell, plazhet e shumta q\u00eb lagen nga deti Adriatik, por edhe p\u00ebr turizmin kulturor, me nj\u00eb trash\u00ebgimi kulturore shum\u00eb t\u00eb pasur: arkeologji, arkitektur\u00eb dhe nj\u00eb histori unike.<\/br><br \/>\nNdaj, ju ftojm\u00eb t\u00eb vizitoni qytetin e Durr\u00ebsit dhe t\u00eb njiheni m\u00eb nga af\u00ebr me historin\u00eb dhe monumentet kulturore si Amfiteatri Romak, Torra Veneciane, Muret Rrethuese t\u00eb Kalas\u00eb s\u00eb qytetit, Termat Romake, Shesh Tregu Bizantin, Fortifikimi i Sk\u00ebnd\u00ebrbeut n\u00eb Kepin e Rodonit etj. Gjithashtu, ju mund t\u00eb vizitoni objekte t\u00eb r\u00ebnd\u00ebsis\u00eb s\u00eb ve\u00e7ant\u00eb si edhe shum\u00eb atraksione t\u00eb tjera turistike apo t\u00eb eksploroni shtigje natyrore p\u00ebr ecje dhe \u00e7ikliz\u00ebm. Por mbi t\u00eb gjitha, ju mund t\u00eb p\u00ebrjetoni nj\u00eb eksperienc\u00eb unike gastronomike ku mund t\u00eb shijoni produktet tipike lokale t\u00eb zones si: prodhimet e detit, ver\u00ebrat, vaji i ullirit etj. <\/br><br \/>\nJu mir\u00ebpresim n\u00eb Durr\u00ebs p\u00ebr t\u00eb njohur m\u00eb nga af\u00ebr kultur\u00ebn dhe historin\u00eb e qytetit ton\u00eb, p\u00ebr t\u00eb eksploruar atraksionet turistike si edhe p\u00ebr t\u00eb shijuar kuzhin\u00ebn tradicionale durrsake!<\/p>\n<figure><img decoding=\"async\" src=\"\" alt=\"Signature\"><\/figure>\n<ul>\n<li><a href=\"https:\/\/www.facebook.com\/emiriana.sako\/\" target=\"_blank\" rel=\"noopener\"><\/a><\/li>\n<li><a href=\"https:\/\/twitter.com\/EmirianaSako\" target=\"_blank\" rel=\"noopener\"><\/a><\/li>\n<li><a href=\"https:\/\/www.instagram.com\/emiriana.sako\/\" target=\"_blank\" rel=\"noopener\"><\/a><\/li>\n<li><a href=\"https:\/\/www.youtube.com\/@EmirianaSako\/\" target=\"_blank\" rel=\"noopener\"><\/a><\/li>\n<\/ul>\n<h5>Tel :<\/h5>\n<p><a href=\"tel:35552222310\">+355 52 2223 10<\/a> <\/p>\n<h5>Email Info :<\/h5>\n<p><a href=\"tel:\"><\/a> info@durres.gov.al<\/p>\n<figure><img decoding=\"async\" src=\"https:\/\/daco.al\/visitdurres\/wp-content\/uploads\/2023\/07\/rsz_rreth-meje-emirianna-sako-1.jpg\" alt=\"Awesome Image\"><\/figure>\n<\/section>\n<p>        <!-- about-section end --><br \/>\n\t\t<!-- schedules-style-two --><\/p>\n<section style=\"background-image: url(https:\/\/daco.al\/visitdurres\/wp-content\/uploads\/2023\/07\/sf3-e1689323379332.jpg);\">\n<h4>Vizitoni Qytetin e <\/br>Bukur te Durr\u00ebsit<\/h4>\n<h2>Si t\u00eb arrijm\u00eb n\u00eb Durr\u00ebs?<\/h2>\n<p>\t\t\t\t\t\t\t\t                                <a href=\"https:\/\/daco.al\/visitdurres\/wp-content\/uploads\/2023\/07\/Si-shkohet-ne-Durres-2.pdf\">Kliko k\u00ebtu<\/a><\/p>\n<figure><img decoding=\"async\" src=\"https:\/\/daco.al\/visitdurres\/wp-content\/uploads\/2021\/06\/3-1.jpg\" alt=\"Awesome Image\"><\/figure>\n<p>Grid View<\/p>\n<h3><a href=\"https:\/\/daco.al\/visitdurres\/event\/plazhi-gjiri-i-lalezit\/\">Plazhi Gjiri i Lal\u00ebzit<\/a><\/h3>\n<h3>28May\u201921<\/h3>\n<ul>\n<li>03:00 PM &#8211; 04:30 PM<\/li>\n<li>Heaton Park, Mt Road M25 2SW<\/li>\n<\/ul>\n<figure><img decoding=\"async\" src=\"https:\/\/daco.al\/visitdurres\/wp-content\/uploads\/2023\/07\/plazhi-kallmi.jpg\" alt=\"Awesome Image\"><\/figure>\n<p>Grid View<\/p>\n<h3><a href=\"https:\/\/daco.al\/visitdurres\/event\/plazhi-kallmit-2\/\">Plazhi i Kallmit<\/a><\/h3>\n<h3>28May\u201921<\/h3>\n<ul>\n<li>03:00 PM &#8211; 04:30 PM<\/li>\n<li>182 St Georges Road, San Antonio<\/li>\n<\/ul>\n<figure><img decoding=\"async\" src=\"https:\/\/daco.al\/visitdurres\/wp-content\/uploads\/2021\/06\/shkembi-kavajes-plazh.jpg\" alt=\"Awesome Image\"><\/figure>\n<p>Grid View<\/p>\n<h3><a href=\"https:\/\/daco.al\/visitdurres\/event\/shkembi-kavajes-2\/\">Shk\u00ebmbi Kavaj\u00ebs<\/a><\/h3>\n<h3>28May\u201921<\/h3>\n<ul>\n<li>03:00 PM &#8211; 04:30 PM<\/li>\n<li>Heaton Park, Mt Road M25 2SW<\/li>\n<\/ul>\n<\/section>\n<p>        <!-- schedules-style-two --><br \/>\n\t\t        <!-- solutions-section --><\/p>\n<section>\n<figure><img decoding=\"async\" src=\"https:\/\/daco.al\/visitdurres\/wp-content\/uploads\/2021\/06\/statue-1.png\" alt=\"Awesome Image\"><\/figure>\n<h6>INFORMACIONE SHTES\u00cb<\/h6>\n<h2>Lidhje t\u00eb Shpejta <\/h2>\n<h4>DURR\u00cbSI N\u00cb 1 DIT\u00cb<\/h4>\n<\/p>\n<h4>DURR\u00cbSI N\u00cb 2 DIT\u00cb<\/h4>\n<\/p>\n<h4>DURR\u00cbSI N\u00cb 3 DIT\u00cb<\/h4>\n<\/p>\n<h4>PROJEKTE N\u00cb FUSH\u00cbN E TURIZMIT<\/h4>\n<\/p>\n<h4>K\u00cbNDI I ARTIZAN\u00cbVE<\/h4>\n<\/p>\n<h4>T\u00cb TJERA<\/h4>\n<\/p>\n<h3><\/h3>\n<\/p>\n<\/section>\n<p>        <!-- solutions-section end --><br \/>\n        <!-- funfact-section --><\/p>\n<section>\n<h6>Fakte interesante<\/h6>\n<h2>Shifra mbi qytetin<\/h2>\n<p>                                                    0k+                                                <\/p>\n<h6>Popullsia<\/h6>\n<p>                                                    0                                                <\/p>\n<h6>nj\u00ebsi administrative<\/h6>\n<p>                                                    0                                                <\/p>\n<h6>Sip\u00ebrfaqia n\u00eb km2<\/h6>\n<p>                                                    0                                                <\/p>\n<h6>Vija Bregdetare n\u00eb Km<\/h6>\n<p>                                                    0                                                <\/p>\n<h6>Monumente kulturore<\/h6>\n<p>                                                    0                                                <\/p>\n<h6>Objekte t\u00eb r\u00ebnd\u00ebsis\u00eb s\u00eb ve\u00e7ant\u00eb<\/h6>\n<p>                                                    0                                                <\/p>\n<h6>trash\u00ebgimi natyrore<\/h6>\n<p>                                                    0k+                                                <\/p>\n<h6>VIzitor\u00eb<\/h6>\n<p>                                                    0                                                <\/p>\n<h6>Hotele<\/h6>\n<p>                                                    0k+                                                <\/p>\n<h6>Dhoma<\/h6>\n<p>                                                    0k+                                                <\/p>\n<h6>Shtret\u00ebr<\/h6>\n<p>                                                    0                                                <\/p>\n<h6>Subjekte agroturizmi<\/h6>\n<\/section>\n<p>        <!-- funfact-section end --><br \/>\n\t\t\t<iframe loading=\"lazy\"\n\t\t\t\t\tsrc=\"https:\/\/maps.google.com\/maps?q=Durres&#038;t=m&#038;z=12&#038;output=embed&#038;iwloc=near\"\n\t\t\t\t\ttitle=\"Durres\"\n\t\t\t\t\taria-label=\"Durres\"\n\t\t\t><\/iframe><\/p>\n","protected":false},"excerpt":{"rendered":"<p>EVENTE Eventet e fundit \u00c7far\u00eb t\u00eb vizitoni? Atraksionet turistike Hotele &amp; Resorte Planifiko udh\u00ebtimin t\u00ebnd Plazhe Publike &amp; Jopublike Rreth Durr\u00ebsit Historiku Durr\u00ebsi mund t\u00eb krahasohet me qytetet m\u00eb t\u00eb&#8230;<\/p>\n","protected":false},"author":1,"featured_media":0,"parent":0,"menu_order":0,"comment_status":"closed","ping_status":"closed","template":"tpl-default-elementor.php","meta":{"_monsterinsights_skip_tracking":false,"_monsterinsights_sitenote_active":false,"_monsterinsights_sitenote_note":"","_monsterinsights_sitenote_category":0,"footnotes":""},"class_list":["post-1249","page","type-page","status-publish","hentry"],"yoast_head":"<!-- This site is optimized with the Yoast SEO plugin v26.3 - https:\/\/yoast.com\/wordpress\/plugins\/seo\/ -->\n<title>Visitdurres.al | Bashkia Durr\u00ebs - Faqja Zyrtare<\/title>\n<meta name=\"description\" content=\"Durr\u00ebsi \u00ebsht\u00eb destinacioni m\u00eb i madh turistik n\u00eb vendin ton\u00eb, ndryshe ai njihet edhe si kryeqyteti i turizmit n\u00eb Shqip\u00ebri. Durr\u00ebsi, duke sh\u00ebrbyer si nyja kryesore e transportit n\u00eb vend, \u00ebsht\u00eb kthyer jo vet\u00ebm n\u00eb nj\u00eb destinacion veror p\u00ebr plazh, por edhe n\u00eb nj\u00eb destinacion turistik gjith\u00ebvjetor.\" \/>\n<meta name=\"robots\" content=\"index, follow, max-snippet:-1, max-image-preview:large, max-video-preview:-1\" \/>\n<link rel=\"canonical\" href=\"https:\/\/daco.al\/visitdurres\/\" \/>\n<meta property=\"og:locale\" content=\"en_US\" \/>\n<meta property=\"og:type\" content=\"article\" \/>\n<meta property=\"og:title\" content=\"Visitdurres.al | Bashkia Durr\u00ebs - Faqja Zyrtare\" \/>\n<meta property=\"og:description\" content=\"Durr\u00ebsi \u00ebsht\u00eb destinacioni m\u00eb i madh turistik n\u00eb vendin ton\u00eb, ndryshe ai njihet edhe si kryeqyteti i turizmit n\u00eb Shqip\u00ebri. Durr\u00ebsi, duke sh\u00ebrbyer si nyja kryesore e transportit n\u00eb vend, \u00ebsht\u00eb kthyer jo vet\u00ebm n\u00eb nj\u00eb destinacion veror p\u00ebr plazh, por edhe n\u00eb nj\u00eb destinacion turistik gjith\u00ebvjetor.\" \/>\n<meta property=\"og:url\" content=\"https:\/\/daco.al\/visitdurres\/\" \/>\n<meta property=\"og:site_name\" content=\"Bashkia Durr\u00ebs - Faqja Zyrtare\" \/>\n<meta property=\"article:modified_time\" content=\"2024-06-19T08:49:14+00:00\" \/>\n<meta property=\"og:image\" content=\"https:\/\/daco.al\/visitdurres\/wp-content\/uploads\/2023\/12\/shkembi-i-kavajes-1024x492.png\" \/>\n\t<meta property=\"og:image:width\" content=\"1024\" \/>\n\t<meta property=\"og:image:height\" content=\"492\" \/>\n\t<meta property=\"og:image:type\" content=\"image\/png\" \/>\n<meta name=\"twitter:card\" content=\"summary_large_image\" \/>\n<meta name=\"twitter:label1\" content=\"Est. reading time\" \/>\n\t<meta name=\"twitter:data1\" content=\"5 minutes\" \/>\n<script type=\"application\/ld+json\" class=\"yoast-schema-graph\">{\"@context\":\"https:\/\/schema.org\",\"@graph\":[{\"@type\":\"WebPage\",\"@id\":\"https:\/\/daco.al\/visitdurres\/\",\"url\":\"https:\/\/daco.al\/visitdurres\/\",\"name\":\"Visitdurres.al | Bashkia Durr\u00ebs - Faqja Zyrtare\",\"isPartOf\":{\"@id\":\"https:\/\/daco.al\/visitdurres\/#website\"},\"primaryImageOfPage\":{\"@id\":\"https:\/\/daco.al\/visitdurres\/#primaryimage\"},\"image\":{\"@id\":\"https:\/\/daco.al\/visitdurres\/#primaryimage\"},\"thumbnailUrl\":\"https:\/\/daco.al\/visitdurres\/wp-content\/uploads\/2023\/07\/durres-scaled-1.jpeg\",\"datePublished\":\"2021-05-19T16:21:11+00:00\",\"dateModified\":\"2024-06-19T08:49:14+00:00\",\"description\":\"Durr\u00ebsi \u00ebsht\u00eb destinacioni m\u00eb i madh turistik n\u00eb vendin ton\u00eb, ndryshe ai njihet edhe si kryeqyteti i turizmit n\u00eb Shqip\u00ebri. Durr\u00ebsi, duke sh\u00ebrbyer si nyja kryesore e transportit n\u00eb vend, \u00ebsht\u00eb kthyer jo vet\u00ebm n\u00eb nj\u00eb destinacion veror p\u00ebr plazh, por edhe n\u00eb nj\u00eb destinacion turistik gjith\u00ebvjetor.\",\"breadcrumb\":{\"@id\":\"https:\/\/daco.al\/visitdurres\/#breadcrumb\"},\"inLanguage\":\"en-US\",\"potentialAction\":[{\"@type\":\"ReadAction\",\"target\":[\"https:\/\/daco.al\/visitdurres\/\"]}]},{\"@type\":\"ImageObject\",\"inLanguage\":\"en-US\",\"@id\":\"https:\/\/daco.al\/visitdurres\/#primaryimage\",\"url\":\"https:\/\/daco.al\/visitdurres\/wp-content\/uploads\/2023\/07\/durres-scaled-1.jpeg\",\"contentUrl\":\"https:\/\/daco.al\/visitdurres\/wp-content\/uploads\/2023\/07\/durres-scaled-1.jpeg\",\"width\":1920,\"height\":2560},{\"@type\":\"BreadcrumbList\",\"@id\":\"https:\/\/daco.al\/visitdurres\/#breadcrumb\",\"itemListElement\":[{\"@type\":\"ListItem\",\"position\":1,\"name\":\"Home\",\"item\":\"https:\/\/daco.al\/visitdurres\/\"},{\"@type\":\"ListItem\",\"position\":2,\"name\":\"Home Page 01\"}]},{\"@type\":\"WebSite\",\"@id\":\"https:\/\/daco.al\/visitdurres\/#website\",\"url\":\"https:\/\/daco.al\/visitdurres\/\",\"name\":\"Visitdurres\",\"description\":\"Vizitoni Durresin\",\"publisher\":{\"@id\":\"https:\/\/daco.al\/visitdurres\/#organization\"},\"potentialAction\":[{\"@type\":\"SearchAction\",\"target\":{\"@type\":\"EntryPoint\",\"urlTemplate\":\"https:\/\/daco.al\/visitdurres\/?s={search_term_string}\"},\"query-input\":{\"@type\":\"PropertyValueSpecification\",\"valueRequired\":true,\"valueName\":\"search_term_string\"}}],\"inLanguage\":\"en-US\"},{\"@type\":\"Organization\",\"@id\":\"https:\/\/daco.al\/visitdurres\/#organization\",\"name\":\"Visitdurres\",\"url\":\"https:\/\/daco.al\/visitdurres\/\",\"logo\":{\"@type\":\"ImageObject\",\"inLanguage\":\"en-US\",\"@id\":\"https:\/\/daco.al\/visitdurres\/#\/schema\/logo\/image\/\",\"url\":\"https:\/\/daco.al\/visitdurres\/wp-content\/uploads\/2023\/07\/cropped-durres-logo-2.png\",\"contentUrl\":\"https:\/\/daco.al\/visitdurres\/wp-content\/uploads\/2023\/07\/cropped-durres-logo-2.png\",\"width\":456,\"height\":250,\"caption\":\"Visitdurres\"},\"image\":{\"@id\":\"https:\/\/daco.al\/visitdurres\/#\/schema\/logo\/image\/\"}}]}<\/script>\n<!-- \/ Yoast SEO plugin. -->","yoast_head_json":{"title":"Visitdurres.al | Bashkia Durr\u00ebs - Faqja Zyrtare","description":"Durr\u00ebsi \u00ebsht\u00eb destinacioni m\u00eb i madh turistik n\u00eb vendin ton\u00eb, ndryshe ai njihet edhe si kryeqyteti i turizmit n\u00eb Shqip\u00ebri. Durr\u00ebsi, duke sh\u00ebrbyer si nyja kryesore e transportit n\u00eb vend, \u00ebsht\u00eb kthyer jo vet\u00ebm n\u00eb nj\u00eb destinacion veror p\u00ebr plazh, por edhe n\u00eb nj\u00eb destinacion turistik gjith\u00ebvjetor.","robots":{"index":"index","follow":"follow","max-snippet":"max-snippet:-1","max-image-preview":"max-image-preview:large","max-video-preview":"max-video-preview:-1"},"canonical":"https:\/\/daco.al\/visitdurres\/","og_locale":"en_US","og_type":"article","og_title":"Visitdurres.al | Bashkia Durr\u00ebs - Faqja Zyrtare","og_description":"Durr\u00ebsi \u00ebsht\u00eb destinacioni m\u00eb i madh turistik n\u00eb vendin ton\u00eb, ndryshe ai njihet edhe si kryeqyteti i turizmit n\u00eb Shqip\u00ebri. Durr\u00ebsi, duke sh\u00ebrbyer si nyja kryesore e transportit n\u00eb vend, \u00ebsht\u00eb kthyer jo vet\u00ebm n\u00eb nj\u00eb destinacion veror p\u00ebr plazh, por edhe n\u00eb nj\u00eb destinacion turistik gjith\u00ebvjetor.","og_url":"https:\/\/daco.al\/visitdurres\/","og_site_name":"Bashkia Durr\u00ebs - Faqja Zyrtare","article_modified_time":"2024-06-19T08:49:14+00:00","og_image":[{"width":1024,"height":492,"url":"https:\/\/daco.al\/visitdurres\/wp-content\/uploads\/2023\/12\/shkembi-i-kavajes-1024x492.png","type":"image\/png"}],"twitter_card":"summary_large_image","twitter_misc":{"Est. reading time":"5 minutes"},"schema":{"@context":"https:\/\/schema.org","@graph":[{"@type":"WebPage","@id":"https:\/\/daco.al\/visitdurres\/","url":"https:\/\/daco.al\/visitdurres\/","name":"Visitdurres.al | Bashkia Durr\u00ebs - Faqja Zyrtare","isPartOf":{"@id":"https:\/\/daco.al\/visitdurres\/#website"},"primaryImageOfPage":{"@id":"https:\/\/daco.al\/visitdurres\/#primaryimage"},"image":{"@id":"https:\/\/daco.al\/visitdurres\/#primaryimage"},"thumbnailUrl":"https:\/\/daco.al\/visitdurres\/wp-content\/uploads\/2023\/07\/durres-scaled-1.jpeg","datePublished":"2021-05-19T16:21:11+00:00","dateModified":"2024-06-19T08:49:14+00:00","description":"Durr\u00ebsi \u00ebsht\u00eb destinacioni m\u00eb i madh turistik n\u00eb vendin ton\u00eb, ndryshe ai njihet edhe si kryeqyteti i turizmit n\u00eb Shqip\u00ebri. Durr\u00ebsi, duke sh\u00ebrbyer si nyja kryesore e transportit n\u00eb vend, \u00ebsht\u00eb kthyer jo vet\u00ebm n\u00eb nj\u00eb destinacion veror p\u00ebr plazh, por edhe n\u00eb nj\u00eb destinacion turistik gjith\u00ebvjetor.","breadcrumb":{"@id":"https:\/\/daco.al\/visitdurres\/#breadcrumb"},"inLanguage":"en-US","potentialAction":[{"@type":"ReadAction","target":["https:\/\/daco.al\/visitdurres\/"]}]},{"@type":"ImageObject","inLanguage":"en-US","@id":"https:\/\/daco.al\/visitdurres\/#primaryimage","url":"https:\/\/daco.al\/visitdurres\/wp-content\/uploads\/2023\/07\/durres-scaled-1.jpeg","contentUrl":"https:\/\/daco.al\/visitdurres\/wp-content\/uploads\/2023\/07\/durres-scaled-1.jpeg","width":1920,"height":2560},{"@type":"BreadcrumbList","@id":"https:\/\/daco.al\/visitdurres\/#breadcrumb","itemListElement":[{"@type":"ListItem","position":1,"name":"Home","item":"https:\/\/daco.al\/visitdurres\/"},{"@type":"ListItem","position":2,"name":"Home Page 01"}]},{"@type":"WebSite","@id":"https:\/\/daco.al\/visitdurres\/#website","url":"https:\/\/daco.al\/visitdurres\/","name":"Visitdurres","description":"Vizitoni Durresin","publisher":{"@id":"https:\/\/daco.al\/visitdurres\/#organization"},"potentialAction":[{"@type":"SearchAction","target":{"@type":"EntryPoint","urlTemplate":"https:\/\/daco.al\/visitdurres\/?s={search_term_string}"},"query-input":{"@type":"PropertyValueSpecification","valueRequired":true,"valueName":"search_term_string"}}],"inLanguage":"en-US"},{"@type":"Organization","@id":"https:\/\/daco.al\/visitdurres\/#organization","name":"Visitdurres","url":"https:\/\/daco.al\/visitdurres\/","logo":{"@type":"ImageObject","inLanguage":"en-US","@id":"https:\/\/daco.al\/visitdurres\/#\/schema\/logo\/image\/","url":"https:\/\/daco.al\/visitdurres\/wp-content\/uploads\/2023\/07\/cropped-durres-logo-2.png","contentUrl":"https:\/\/daco.al\/visitdurres\/wp-content\/uploads\/2023\/07\/cropped-durres-logo-2.png","width":456,"height":250,"caption":"Visitdurres"},"image":{"@id":"https:\/\/daco.al\/visitdurres\/#\/schema\/logo\/image\/"}}]}},"_links":{"self":[{"href":"https:\/\/daco.al\/visitdurres\/index.php\/wp-json\/wp\/v2\/pages\/1249","targetHints":{"allow":["GET"]}}],"collection":[{"href":"https:\/\/daco.al\/visitdurres\/index.php\/wp-json\/wp\/v2\/pages"}],"about":[{"href":"https:\/\/daco.al\/visitdurres\/index.php\/wp-json\/wp\/v2\/types\/page"}],"author":[{"embeddable":true,"href":"https:\/\/daco.al\/visitdurres\/index.php\/wp-json\/wp\/v2\/users\/1"}],"replies":[{"embeddable":true,"href":"https:\/\/daco.al\/visitdurres\/index.php\/wp-json\/wp\/v2\/comments?post=1249"}],"version-history":[{"count":338,"href":"https:\/\/daco.al\/visitdurres\/index.php\/wp-json\/wp\/v2\/pages\/1249\/revisions"}],"predecessor-version":[{"id":3034,"href":"https:\/\/daco.al\/visitdurres\/index.php\/wp-json\/wp\/v2\/pages\/1249\/revisions\/3034"}],"wp:attachment":[{"href":"https:\/\/daco.al\/visitdurres\/index.php\/wp-json\/wp\/v2\/media?parent=1249"}],"curies":[{"name":"wp","href":"https:\/\/api.w.org\/{rel}","templated":true}]}}