{"id":407,"date":"2021-05-29T11:19:50","date_gmt":"2021-05-29T11:19:50","guid":{"rendered":"http:\/\/fastwpdemo.com\/newwp\/whitehall\/?page_id=407"},"modified":"2025-10-22T22:15:00","modified_gmt":"2025-10-22T22:15:00","slug":"cfare-te-vizitoni-ne-durres","status":"publish","type":"page","link":"https:\/\/daco.al\/visitdurres\/index.php\/cfare-te-vizitoni-ne-durres\/","title":{"rendered":"\u00c7far\u00eb T\u00eb Vizitoni N\u00eb Durr\u00ebs?"},"content":{"rendered":"\n\n\n<figure class=\"wp-block-image size-large\"><img loading=\"lazy\" decoding=\"async\" width=\"2048\" height=\"1365\" src=\"https:\/\/daco.al\/visitdurres\/wp-content\/uploads\/2024\/03\/3-1024x683.webp\" alt=\"\" class=\"wp-image-2933\" srcset=\"https:\/\/daco.al\/visitdurres\/wp-content\/uploads\/2024\/03\/3-1024x683.webp 1024w, https:\/\/daco.al\/visitdurres\/wp-content\/uploads\/2024\/03\/3-300x200.webp 300w, https:\/\/daco.al\/visitdurres\/wp-content\/uploads\/2024\/03\/3-768x512.webp 768w, https:\/\/daco.al\/visitdurres\/wp-content\/uploads\/2024\/03\/3-1536x1024.webp 1536w, https:\/\/daco.al\/visitdurres\/wp-content\/uploads\/2024\/03\/3.webp 2048w\" sizes=\"auto, (max-width: 2048px) 100vw, 2048px\" \/><\/figure>\n","protected":false},"excerpt":{"rendered":"","protected":false},"author":1,"featured_media":3195,"parent":0,"menu_order":0,"comment_status":"closed","ping_status":"closed","template":"template-attractions.php","meta":{"_monsterinsights_skip_tracking":false,"_monsterinsights_sitenote_active":false,"_monsterinsights_sitenote_note":"","_monsterinsights_sitenote_category":0,"footnotes":""},"class_list":["post-407","page","type-page","status-publish","has-post-thumbnail","hentry"],"yoast_head":"<!-- This site is optimized with the Yoast SEO plugin v26.3 - https:\/\/yoast.com\/wordpress\/plugins\/seo\/ -->\n<title>\u00c7far\u00eb T\u00eb Vizitoni N\u00eb Durr\u00ebs?<\/title>\n<meta name=\"robots\" content=\"index, follow, max-snippet:-1, max-image-preview:large, max-video-preview:-1\" \/>\n<link rel=\"canonical\" href=\"https:\/\/daco.al\/visitdurres\/index.php\/cfare-te-vizitoni-ne-durres\/\" \/>\n<meta property=\"og:locale\" content=\"en_US\" \/>\n<meta property=\"og:type\" content=\"article\" \/>\n<meta property=\"og:title\" content=\"\u00c7far\u00eb T\u00eb Vizitoni N\u00eb Durr\u00ebs?\" \/>\n<meta property=\"og:url\" content=\"https:\/\/daco.al\/visitdurres\/index.php\/cfare-te-vizitoni-ne-durres\/\" \/>\n<meta property=\"og:site_name\" content=\"Bashkia Durr\u00ebs - Faqja Zyrtare\" \/>\n<meta property=\"article:modified_time\" content=\"2025-10-22T22:15:00+00:00\" \/>\n<meta property=\"og:image\" content=\"https:\/\/daco.al\/visitdurres\/wp-content\/uploads\/2025\/10\/MG_5945-1-scaled-1.jpg\" \/>\n\t<meta property=\"og:image:width\" content=\"2560\" \/>\n\t<meta property=\"og:image:height\" content=\"1707\" \/>\n\t<meta property=\"og:image:type\" content=\"image\/jpeg\" \/>\n<meta name=\"twitter:card\" content=\"summary_large_image\" \/>\n<meta name=\"twitter:label1\" content=\"Est. reading time\" \/>\n\t<meta name=\"twitter:data1\" content=\"1 minute\" \/>\n<script type=\"application\/ld+json\" class=\"yoast-schema-graph\">{\"@context\":\"https:\/\/schema.org\",\"@graph\":[{\"@type\":\"WebPage\",\"@id\":\"https:\/\/daco.al\/visitdurres\/index.php\/cfare-te-vizitoni-ne-durres\/\",\"url\":\"https:\/\/daco.al\/visitdurres\/index.php\/cfare-te-vizitoni-ne-durres\/\",\"name\":\"\u00c7far\u00eb T\u00eb Vizitoni N\u00eb Durr\u00ebs?\",\"isPartOf\":{\"@id\":\"https:\/\/daco.al\/visitdurres\/#website\"},\"primaryImageOfPage\":{\"@id\":\"https:\/\/daco.al\/visitdurres\/index.php\/cfare-te-vizitoni-ne-durres\/#primaryimage\"},\"image\":{\"@id\":\"https:\/\/daco.al\/visitdurres\/index.php\/cfare-te-vizitoni-ne-durres\/#primaryimage\"},\"thumbnailUrl\":\"https:\/\/daco.al\/visitdurres\/wp-content\/uploads\/2025\/10\/MG_5945-1-scaled-1.jpg\",\"datePublished\":\"2021-05-29T11:19:50+00:00\",\"dateModified\":\"2025-10-22T22:15:00+00:00\",\"breadcrumb\":{\"@id\":\"https:\/\/daco.al\/visitdurres\/index.php\/cfare-te-vizitoni-ne-durres\/#breadcrumb\"},\"inLanguage\":\"en-US\",\"potentialAction\":[{\"@type\":\"ReadAction\",\"target\":[\"https:\/\/daco.al\/visitdurres\/index.php\/cfare-te-vizitoni-ne-durres\/\"]}]},{\"@type\":\"ImageObject\",\"inLanguage\":\"en-US\",\"@id\":\"https:\/\/daco.al\/visitdurres\/index.php\/cfare-te-vizitoni-ne-durres\/#primaryimage\",\"url\":\"https:\/\/daco.al\/visitdurres\/wp-content\/uploads\/2025\/10\/MG_5945-1-scaled-1.jpg\",\"contentUrl\":\"https:\/\/daco.al\/visitdurres\/wp-content\/uploads\/2025\/10\/MG_5945-1-scaled-1.jpg\",\"width\":2560,\"height\":1707},{\"@type\":\"BreadcrumbList\",\"@id\":\"https:\/\/daco.al\/visitdurres\/index.php\/cfare-te-vizitoni-ne-durres\/#breadcrumb\",\"itemListElement\":[{\"@type\":\"ListItem\",\"position\":1,\"name\":\"Home\",\"item\":\"https:\/\/daco.al\/visitdurres\/\"},{\"@type\":\"ListItem\",\"position\":2,\"name\":\"\u00c7far\u00eb T\u00eb Vizitoni N\u00eb Durr\u00ebs?\"}]},{\"@type\":\"WebSite\",\"@id\":\"https:\/\/daco.al\/visitdurres\/#website\",\"url\":\"https:\/\/daco.al\/visitdurres\/\",\"name\":\"Visitdurres\",\"description\":\"Vizitoni Durresin\",\"publisher\":{\"@id\":\"https:\/\/daco.al\/visitdurres\/#organization\"},\"potentialAction\":[{\"@type\":\"SearchAction\",\"target\":{\"@type\":\"EntryPoint\",\"urlTemplate\":\"https:\/\/daco.al\/visitdurres\/?s={search_term_string}\"},\"query-input\":{\"@type\":\"PropertyValueSpecification\",\"valueRequired\":true,\"valueName\":\"search_term_string\"}}],\"inLanguage\":\"en-US\"},{\"@type\":\"Organization\",\"@id\":\"https:\/\/daco.al\/visitdurres\/#organization\",\"name\":\"Visitdurres\",\"url\":\"https:\/\/daco.al\/visitdurres\/\",\"logo\":{\"@type\":\"ImageObject\",\"inLanguage\":\"en-US\",\"@id\":\"https:\/\/daco.al\/visitdurres\/#\/schema\/logo\/image\/\",\"url\":\"https:\/\/daco.al\/visitdurres\/wp-content\/uploads\/2023\/07\/cropped-durres-logo-2.png\",\"contentUrl\":\"https:\/\/daco.al\/visitdurres\/wp-content\/uploads\/2023\/07\/cropped-durres-logo-2.png\",\"width\":456,\"height\":250,\"caption\":\"Visitdurres\"},\"image\":{\"@id\":\"https:\/\/daco.al\/visitdurres\/#\/schema\/logo\/image\/\"}}]}<\/script>\n<!-- \/ Yoast SEO plugin. -->","yoast_head_json":{"title":"\u00c7far\u00eb T\u00eb Vizitoni N\u00eb Durr\u00ebs?","robots":{"index":"index","follow":"follow","max-snippet":"max-snippet:-1","max-image-preview":"max-image-preview:large","max-video-preview":"max-video-preview:-1"},"canonical":"https:\/\/daco.al\/visitdurres\/index.php\/cfare-te-vizitoni-ne-durres\/","og_locale":"en_US","og_type":"article","og_title":"\u00c7far\u00eb T\u00eb Vizitoni N\u00eb Durr\u00ebs?","og_url":"https:\/\/daco.al\/visitdurres\/index.php\/cfare-te-vizitoni-ne-durres\/","og_site_name":"Bashkia Durr\u00ebs - Faqja Zyrtare","article_modified_time":"2025-10-22T22:15:00+00:00","og_image":[{"width":2560,"height":1707,"url":"https:\/\/daco.al\/visitdurres\/wp-content\/uploads\/2025\/10\/MG_5945-1-scaled-1.jpg","type":"image\/jpeg"}],"twitter_card":"summary_large_image","twitter_misc":{"Est. reading time":"1 minute"},"schema":{"@context":"https:\/\/schema.org","@graph":[{"@type":"WebPage","@id":"https:\/\/daco.al\/visitdurres\/index.php\/cfare-te-vizitoni-ne-durres\/","url":"https:\/\/daco.al\/visitdurres\/index.php\/cfare-te-vizitoni-ne-durres\/","name":"\u00c7far\u00eb T\u00eb Vizitoni N\u00eb Durr\u00ebs?","isPartOf":{"@id":"https:\/\/daco.al\/visitdurres\/#website"},"primaryImageOfPage":{"@id":"https:\/\/daco.al\/visitdurres\/index.php\/cfare-te-vizitoni-ne-durres\/#primaryimage"},"image":{"@id":"https:\/\/daco.al\/visitdurres\/index.php\/cfare-te-vizitoni-ne-durres\/#primaryimage"},"thumbnailUrl":"https:\/\/daco.al\/visitdurres\/wp-content\/uploads\/2025\/10\/MG_5945-1-scaled-1.jpg","datePublished":"2021-05-29T11:19:50+00:00","dateModified":"2025-10-22T22:15:00+00:00","breadcrumb":{"@id":"https:\/\/daco.al\/visitdurres\/index.php\/cfare-te-vizitoni-ne-durres\/#breadcrumb"},"inLanguage":"en-US","potentialAction":[{"@type":"ReadAction","target":["https:\/\/daco.al\/visitdurres\/index.php\/cfare-te-vizitoni-ne-durres\/"]}]},{"@type":"ImageObject","inLanguage":"en-US","@id":"https:\/\/daco.al\/visitdurres\/index.php\/cfare-te-vizitoni-ne-durres\/#primaryimage","url":"https:\/\/daco.al\/visitdurres\/wp-content\/uploads\/2025\/10\/MG_5945-1-scaled-1.jpg","contentUrl":"https:\/\/daco.al\/visitdurres\/wp-content\/uploads\/2025\/10\/MG_5945-1-scaled-1.jpg","width":2560,"height":1707},{"@type":"BreadcrumbList","@id":"https:\/\/daco.al\/visitdurres\/index.php\/cfare-te-vizitoni-ne-durres\/#breadcrumb","itemListElement":[{"@type":"ListItem","position":1,"name":"Home","item":"https:\/\/daco.al\/visitdurres\/"},{"@type":"ListItem","position":2,"name":"\u00c7far\u00eb T\u00eb Vizitoni N\u00eb Durr\u00ebs?"}]},{"@type":"WebSite","@id":"https:\/\/daco.al\/visitdurres\/#website","url":"https:\/\/daco.al\/visitdurres\/","name":"Visitdurres","description":"Vizitoni Durresin","publisher":{"@id":"https:\/\/daco.al\/visitdurres\/#organization"},"potentialAction":[{"@type":"SearchAction","target":{"@type":"EntryPoint","urlTemplate":"https:\/\/daco.al\/visitdurres\/?s={search_term_string}"},"query-input":{"@type":"PropertyValueSpecification","valueRequired":true,"valueName":"search_term_string"}}],"inLanguage":"en-US"},{"@type":"Organization","@id":"https:\/\/daco.al\/visitdurres\/#organization","name":"Visitdurres","url":"https:\/\/daco.al\/visitdurres\/","logo":{"@type":"ImageObject","inLanguage":"en-US","@id":"https:\/\/daco.al\/visitdurres\/#\/schema\/logo\/image\/","url":"https:\/\/daco.al\/visitdurres\/wp-content\/uploads\/2023\/07\/cropped-durres-logo-2.png","contentUrl":"https:\/\/daco.al\/visitdurres\/wp-content\/uploads\/2023\/07\/cropped-durres-logo-2.png","width":456,"height":250,"caption":"Visitdurres"},"image":{"@id":"https:\/\/daco.al\/visitdurres\/#\/schema\/logo\/image\/"}}]}},"_links":{"self":[{"href":"https:\/\/daco.al\/visitdurres\/index.php\/wp-json\/wp\/v2\/pages\/407","targetHints":{"allow":["GET"]}}],"collection":[{"href":"https:\/\/daco.al\/visitdurres\/index.php\/wp-json\/wp\/v2\/pages"}],"about":[{"href":"https:\/\/daco.al\/visitdurres\/index.php\/wp-json\/wp\/v2\/types\/page"}],"author":[{"embeddable":true,"href":"https:\/\/daco.al\/visitdurres\/index.php\/wp-json\/wp\/v2\/users\/1"}],"replies":[{"embeddable":true,"href":"https:\/\/daco.al\/visitdurres\/index.php\/wp-json\/wp\/v2\/comments?post=407"}],"version-history":[{"count":187,"href":"https:\/\/daco.al\/visitdurres\/index.php\/wp-json\/wp\/v2\/pages\/407\/revisions"}],"predecessor-version":[{"id":3198,"href":"https:\/\/daco.al\/visitdurres\/index.php\/wp-json\/wp\/v2\/pages\/407\/revisions\/3198"}],"wp:featuredmedia":[{"embeddable":true,"href":"https:\/\/daco.al\/visitdurres\/index.php\/wp-json\/wp\/v2\/media\/3195"}],"wp:attachment":[{"href":"https:\/\/daco.al\/visitdurres\/index.php\/wp-json\/wp\/v2\/media?parent=407"}],"curies":[{"name":"wp","href":"https:\/\/api.w.org\/{rel}","templated":true}]}}